{"id":223701,"date":"2025-05-08T17:03:21","date_gmt":"2025-05-08T15:03:21","guid":{"rendered":"https:\/\/fitnessstudio-oberwallis.ch\/product\/ersatzzahlung-fuer-all-in-one\/"},"modified":"2026-01-13T03:46:59","modified_gmt":"2026-01-13T02:46:59","slug":"ersatzzahlung-fuer-all-in-one","status":"publish","type":"product","link":"https:\/\/fitnessstudio-oberwallis.ch\/fr\/produit\/ersatzzahlung-fuer-all-in-one\/","title":{"rendered":"Paiement de remplacement pour ALL IN ONE"},"content":{"rendered":"<p>Utilise cette option de paiement unique pour continuer \u00e0 profiter de ton abonnement ALL IN ONE Flat sans interruption. Cette option est \u00e0 ta disposition si ton moyen de paiement habituel ne fonctionne temporairement pas. Lors du check-out, tu peux choisir TWINT, une carte de cr\u00e9dit ou de d\u00e9bit ainsi que PostFinance Pay comme m\u00e9thode de paiement.<\/p>\n","protected":false},"excerpt":{"rendered":"<p>Option de paiement unique<\/p>\n","protected":false},"featured_media":221133,"template":"","meta":[],"product_brand":[],"product_cat":[133],"product_tag":[],"class_list":{"0":"post-223701","1":"product","2":"type-product","3":"status-publish","4":"has-post-thumbnail","6":"product_cat-paiement-de-remplacement","8":"first","9":"instock","10":"virtual","11":"sold-individually","12":"taxable","13":"purchasable","14":"product-type-simple"},"_links":{"self":[{"href":"https:\/\/fitnessstudio-oberwallis.ch\/fr\/wp-json\/wp\/v2\/product\/223701","targetHints":{"allow":["GET"]}}],"collection":[{"href":"https:\/\/fitnessstudio-oberwallis.ch\/fr\/wp-json\/wp\/v2\/product"}],"about":[{"href":"https:\/\/fitnessstudio-oberwallis.ch\/fr\/wp-json\/wp\/v2\/types\/product"}],"wp:featuredmedia":[{"embeddable":true,"href":"https:\/\/fitnessstudio-oberwallis.ch\/fr\/wp-json\/wp\/v2\/media\/221133"}],"wp:attachment":[{"href":"https:\/\/fitnessstudio-oberwallis.ch\/fr\/wp-json\/wp\/v2\/media?parent=223701"}],"wp:term":[{"taxonomy":"product_brand","embeddable":true,"href":"https:\/\/fitnessstudio-oberwallis.ch\/fr\/wp-json\/wp\/v2\/product_brand?post=223701"},{"taxonomy":"product_cat","embeddable":true,"href":"https:\/\/fitnessstudio-oberwallis.ch\/fr\/wp-json\/wp\/v2\/product_cat?post=223701"},{"taxonomy":"product_tag","embeddable":true,"href":"https:\/\/fitnessstudio-oberwallis.ch\/fr\/wp-json\/wp\/v2\/product_tag?post=223701"}],"curies":[{"name":"wp","href":"https:\/\/api.w.org\/{rel}","templated":true}]}}