{"id":220633,"date":"2024-12-27T10:38:34","date_gmt":"2024-12-27T09:38:34","guid":{"rendered":"https:\/\/fitnessstudio-oberwallis.ch\/?post_type=product&#038;p=220633"},"modified":"2026-01-04T17:52:11","modified_gmt":"2026-01-04T16:52:11","slug":"entree-individuelle","status":"publish","type":"product","link":"https:\/\/fitnessstudio-oberwallis.ch\/fr\/produit\/entree-individuelle\/","title":{"rendered":"Pass 24h"},"content":{"rendered":"<p>Utilise cette option de paiement unique pour continuer \u00e0 profiter de ton abonnement ALL IN ONE Flat-Flex sans interruption. Cette option est \u00e0 ta disposition si ton moyen de paiement habituel ne fonctionne temporairement pas. Lors du check-out, tu peux choisir TWINT, une carte de cr\u00e9dit ou de d\u00e9bit ainsi que PostFinance Pay comme m\u00e9thode de paiement.<\/p>\n","protected":false},"excerpt":{"rendered":"<p data-path-to-node=\"3\"><b>Ton pass journalier SAMS GYM (24h) &#8211; CHF 29.-<\/b><\/p>\n<p data-path-to-node=\"4\">Profite d&rsquo;une flexibilit\u00e9 totale : entra\u00eene-toi dans les 4 studios SAMS GYM aussi souvent que tu le souhaites. Ton acc\u00e8s se fait facilement gr\u00e2ce \u00e0 la cl\u00e9 de ton smartphone. <\/p>\n<p data-path-to-node=\"5\"><b>Voici comment fonctionne ta validit\u00e9 de 24h :<\/b> la dur\u00e9e de ton pass d\u00e9pend directement de la date que tu as choisie lors de ton achat :<\/p>\n<ul data-path-to-node=\"6\">\n<li>\n<p data-path-to-node=\"6,0,0\"><b>Choix \u00ab\u00a0Date de d\u00e9but AUJOURD&rsquo;HUI\u00a0\u00bb :<\/b> ton pass d\u00e9marre <b>imm\u00e9diatement<\/b> apr\u00e8s ton achat. Elle est valable \u00e0 partir de ce moment-l\u00e0 pour exactement 24 heures (par exemple de 15h00 \u00e0 demain 15h00). <\/p>\n<\/li>\n<li>\n<p data-path-to-node=\"6,1,0\"><b>Choix \u00ab\u00a0Date de d\u00e9but dans le FUTUR\u00a0\u00bb :<\/b> ton pass commence le jour choisi <b>le matin \u00e0 environ 6h30<\/b>. Il est valable 24 heures \u00e0 partir de ce moment-l\u00e0. Un entra\u00eenement avant 6h30 n&rsquo;est pas possible ce jour-l\u00e0.  <\/p>\n<\/li>\n<\/ul>\n<hr>\n<p data-path-to-node=\"7\">\n<p data-path-to-node=\"7\"><b>Remarque importante concernant la planification (support) :<\/b> Notre processus de d\u00e9blocage est automatis\u00e9 (dur\u00e9e environ 10 min). Toutefois, si des retards techniques surviennent, une intervention manuelle de notre \u00e9quipe sera n\u00e9cessaire. Veuillez consulter nos heures de service pour le support.  <\/p>\n<p data-path-to-node=\"8\"><span data-path-to-node=\"8,0\"><b>Notre recommandation :<\/b> ach\u00e8te ton pass avec un peu d&rsquo;avance et id\u00e9alement <b>entre 9h et 20h<\/b>. <\/span><span data-path-to-node=\"8,2\"><span class=\"citation-2\">Un achat <\/span><b><span class=\"citation-2\">avant 09h00 ou apr\u00e8s 20h00<\/span><\/b><span class=\"citation-2\"> pour un entra\u00eenement imm\u00e9diat se fait \u00e0 tes risques et p\u00e9rils, car notre support n&rsquo;est pas disponible \u00e0 ces heures et nous ne pouvons pas garantir une solution imm\u00e9diate en cas de probl\u00e8me technique.<\/span><\/span><\/p>\n","protected":false},"featured_media":221133,"template":"","meta":[],"product_brand":[],"product_cat":[140],"product_tag":[],"class_list":{"0":"post-220633","1":"product","2":"type-product","3":"status-publish","4":"has-post-thumbnail","6":"product_cat-entree-individuelle","8":"first","9":"instock","10":"virtual","11":"sold-individually","12":"taxable","13":"purchasable","14":"product-type-simple"},"_links":{"self":[{"href":"https:\/\/fitnessstudio-oberwallis.ch\/fr\/wp-json\/wp\/v2\/product\/220633","targetHints":{"allow":["GET"]}}],"collection":[{"href":"https:\/\/fitnessstudio-oberwallis.ch\/fr\/wp-json\/wp\/v2\/product"}],"about":[{"href":"https:\/\/fitnessstudio-oberwallis.ch\/fr\/wp-json\/wp\/v2\/types\/product"}],"wp:featuredmedia":[{"embeddable":true,"href":"https:\/\/fitnessstudio-oberwallis.ch\/fr\/wp-json\/wp\/v2\/media\/221133"}],"wp:attachment":[{"href":"https:\/\/fitnessstudio-oberwallis.ch\/fr\/wp-json\/wp\/v2\/media?parent=220633"}],"wp:term":[{"taxonomy":"product_brand","embeddable":true,"href":"https:\/\/fitnessstudio-oberwallis.ch\/fr\/wp-json\/wp\/v2\/product_brand?post=220633"},{"taxonomy":"product_cat","embeddable":true,"href":"https:\/\/fitnessstudio-oberwallis.ch\/fr\/wp-json\/wp\/v2\/product_cat?post=220633"},{"taxonomy":"product_tag","embeddable":true,"href":"https:\/\/fitnessstudio-oberwallis.ch\/fr\/wp-json\/wp\/v2\/product_tag?post=220633"}],"curies":[{"name":"wp","href":"https:\/\/api.w.org\/{rel}","templated":true}]}}