{"id":219105,"date":"2021-06-21T12:27:22","date_gmt":"2021-06-21T10:27:22","guid":{"rendered":"https:\/\/staging.fitnessstudio-oberwallis.ch\/product\/bons-cadeaux\/"},"modified":"2026-01-04T17:55:30","modified_gmt":"2026-01-04T16:55:30","slug":"bons-cadeaux","status":"publish","type":"product","link":"https:\/\/fitnessstudio-oberwallis.ch\/fr\/produit\/bons-cadeaux\/","title":{"rendered":"Bons cadeaux SAMS GYM"},"content":{"rendered":"<p><b>Envoi \u00e0 ton adresse e-mail<\/b><br \/>\nNous envoyons les bons \u00e0 l&rsquo;adresse e-mail indiqu\u00e9e. Les bons ont une validit\u00e9 de 5 ans.<\/p>\n","protected":false},"excerpt":{"rendered":"<p>Montant au choix (minimum CHF 50.-).<\/p>\n","protected":false},"featured_media":218633,"template":"","meta":[],"product_brand":[],"product_cat":[124],"product_tag":[],"class_list":{"0":"post-219105","1":"product","2":"type-product","3":"status-publish","4":"has-post-thumbnail","6":"product_cat-bons-cadeaux","7":"product_shipping_class-supplement-fr","9":"first","10":"instock","11":"virtual","12":"taxable","13":"purchasable","14":"product-type-simple"},"_links":{"self":[{"href":"https:\/\/fitnessstudio-oberwallis.ch\/fr\/wp-json\/wp\/v2\/product\/219105","targetHints":{"allow":["GET"]}}],"collection":[{"href":"https:\/\/fitnessstudio-oberwallis.ch\/fr\/wp-json\/wp\/v2\/product"}],"about":[{"href":"https:\/\/fitnessstudio-oberwallis.ch\/fr\/wp-json\/wp\/v2\/types\/product"}],"wp:featuredmedia":[{"embeddable":true,"href":"https:\/\/fitnessstudio-oberwallis.ch\/fr\/wp-json\/wp\/v2\/media\/218633"}],"wp:attachment":[{"href":"https:\/\/fitnessstudio-oberwallis.ch\/fr\/wp-json\/wp\/v2\/media?parent=219105"}],"wp:term":[{"taxonomy":"product_brand","embeddable":true,"href":"https:\/\/fitnessstudio-oberwallis.ch\/fr\/wp-json\/wp\/v2\/product_brand?post=219105"},{"taxonomy":"product_cat","embeddable":true,"href":"https:\/\/fitnessstudio-oberwallis.ch\/fr\/wp-json\/wp\/v2\/product_cat?post=219105"},{"taxonomy":"product_tag","embeddable":true,"href":"https:\/\/fitnessstudio-oberwallis.ch\/fr\/wp-json\/wp\/v2\/product_tag?post=219105"}],"curies":[{"name":"wp","href":"https:\/\/api.w.org\/{rel}","templated":true}]}}