{"id":219209,"date":"2021-06-28T11:27:24","date_gmt":"2021-06-28T09:27:24","guid":{"rendered":"https:\/\/staging.fitnessstudio-oberwallis.ch\/mentions-legales\/"},"modified":"2024-06-04T16:41:56","modified_gmt":"2024-06-04T14:41:56","slug":"mentions-legales","status":"publish","type":"page","link":"https:\/\/fitnessstudio-oberwallis.ch\/fr\/mentions-legales\/","title":{"rendered":"Mentions l\u00e9gales"},"content":{"rendered":"\t\t<div data-elementor-type=\"wp-page\" data-elementor-id=\"219209\" class=\"elementor elementor-219209 elementor-208437\" data-elementor-post-type=\"page\">\n\t\t\t\t<div class=\"elementor-element elementor-element-89fc38c e-flex e-con-boxed e-con e-parent\" data-id=\"89fc38c\" data-element_type=\"container\" data-e-type=\"container\">\n\t\t\t\t\t<div class=\"e-con-inner\">\n\t\t\t\t<div class=\"elementor-element elementor-element-699abf6 elementor-widget elementor-widget-text-editor\" data-id=\"699abf6\" data-element_type=\"widget\" data-e-type=\"widget\" data-widget_type=\"text-editor.default\">\n\t\t\t\t<div class=\"elementor-widget-container\">\n\t\t\t\t\t\t\t\t\t<p><strong>Adresse de contact<br \/><\/strong>SAMS GYM GmbH<br \/>Route cantonale 136<br \/>3952 Susten<br \/>Suisse<\/p>\n<p>E-mail :<br \/>info@samsgym.ch<\/p>\n<p><strong>Personne(s) habilit\u00e9e(s) \u00e0 repr\u00e9senter<\/strong>l&rsquo;entreprise <strong><br \/> Samuel Millius<\/strong><\/p>\n<p><strong>Inscription au registre du commerce<br \/><\/strong>Nom d&rsquo;entreprise enregistr\u00e9 : SAMS GYM GmbH<br \/>N\u00b0 du registre du commerce : CHE-431.473.425<\/p>\n<p><strong>Num\u00e9ro de TVA<\/strong><br \/>CHE-431.473.425 TVA<\/p>\n<p><strong>Clause de non-responsabilit\u00e9<br \/><\/strong>L&rsquo;auteur n&rsquo;assume aucune responsabilit\u00e9 quant \u00e0 la v\u00e9racit\u00e9, l&rsquo;exactitude, l&rsquo;actualit\u00e9, la fiabilit\u00e9 et l&rsquo;exhaustivit\u00e9 du contenu des informations.<\/p>\n<p>L&rsquo;auteur ne peut \u00eatre tenu responsable des dommages mat\u00e9riels ou immat\u00e9riels r\u00e9sultant de l&rsquo;acc\u00e8s ou de l&rsquo;utilisation ou de la non-utilisation des informations publi\u00e9es, d&rsquo;une mauvaise utilisation de la connexion ou de probl\u00e8mes techniques.<\/p>\n<p>Toutes les offres sont sans engagement. L&rsquo;auteur se r\u00e9serve express\u00e9ment le droit de modifier, de compl\u00e9ter ou de supprimer des parties de pages ou l&rsquo;ensemble de l&rsquo;offre sans pr\u00e9avis particulier, ou d&rsquo;en suspendre temporairement ou d\u00e9finitivement la publication.<\/p>\n<p><strong><br \/>Clause de non-responsabilit\u00e9 pour les liens<\/strong><\/p>\n<p>Les renvois et les liens vers des sites Web de tiers ne rel\u00e8vent pas de notre responsabilit\u00e9. Toute responsabilit\u00e9 est d\u00e9clin\u00e9e pour de tels sites web. L&rsquo;acc\u00e8s et l&rsquo;utilisation de tels sites web se font aux risques et p\u00e9rils de l&rsquo;utilisateur concern\u00e9.<\/p>\n<p><strong>Droits d&rsquo;auteur<br \/><\/strong>Les droits d&rsquo;auteur et tous les autres droits li\u00e9s au contenu, aux images, aux photos ou aux autres fichiers de ce site web, appartiennent exclusivement <strong>\u00e0 l&rsquo;entreprise SAMS GYM GmbH<\/strong> ou aux d\u00e9tenteurs de droits sp\u00e9cialement mentionn\u00e9s. Pour la reproduction de tout \u00e9l\u00e9ment, il convient d&rsquo;obtenir au pr\u00e9alable l&rsquo;accord \u00e9crit du d\u00e9tenteur des droits d&rsquo;auteur.<\/p>\n<p>Source : <a href=\"https:\/\/www.swissanwalt.ch\" target=\"_blank\" rel=\"noopener\">SwissAnwalt<\/a><\/p>\n\t\t\t\t\t\t\t\t<\/div>\n\t\t\t\t<\/div>\n\t\t\t\t\t<\/div>\n\t\t\t\t<\/div>\n\t\t\t\t<\/div>\n\t\t","protected":false},"excerpt":{"rendered":"<p>Adresse de contactSAMS GYM GmbHRoute cantonale 1363952 SustenSuisse E-mail :info@samsgym.ch Personne(s) habilit\u00e9e(s) \u00e0 repr\u00e9senterl&rsquo;entreprise Samuel Millius Inscription au registre du commerceNom d&rsquo;entreprise enregistr\u00e9 : SAMS GYM GmbHN\u00b0 du registre du commerce : CHE-431.473.425 Num\u00e9ro de TVACHE-431.473.425 TVA Clause de non-responsabilit\u00e9L&rsquo;auteur n&rsquo;assume aucune responsabilit\u00e9 quant \u00e0 la v\u00e9racit\u00e9, l&rsquo;exactitude, l&rsquo;actualit\u00e9, la fiabilit\u00e9 et l&rsquo;exhaustivit\u00e9 du contenu [&hellip;]<\/p>\n","protected":false},"author":1,"featured_media":0,"parent":0,"menu_order":0,"comment_status":"closed","ping_status":"closed","template":"","meta":{"footnotes":""},"class_list":["post-219209","page","type-page","status-publish","hentry"],"_links":{"self":[{"href":"https:\/\/fitnessstudio-oberwallis.ch\/fr\/wp-json\/wp\/v2\/pages\/219209","targetHints":{"allow":["GET"]}}],"collection":[{"href":"https:\/\/fitnessstudio-oberwallis.ch\/fr\/wp-json\/wp\/v2\/pages"}],"about":[{"href":"https:\/\/fitnessstudio-oberwallis.ch\/fr\/wp-json\/wp\/v2\/types\/page"}],"author":[{"embeddable":true,"href":"https:\/\/fitnessstudio-oberwallis.ch\/fr\/wp-json\/wp\/v2\/users\/1"}],"replies":[{"embeddable":true,"href":"https:\/\/fitnessstudio-oberwallis.ch\/fr\/wp-json\/wp\/v2\/comments?post=219209"}],"version-history":[{"count":0,"href":"https:\/\/fitnessstudio-oberwallis.ch\/fr\/wp-json\/wp\/v2\/pages\/219209\/revisions"}],"wp:attachment":[{"href":"https:\/\/fitnessstudio-oberwallis.ch\/fr\/wp-json\/wp\/v2\/media?parent=219209"}],"curies":[{"name":"wp","href":"https:\/\/api.w.org\/{rel}","templated":true}]}}