{"id":219070,"date":"2021-07-06T19:26:05","date_gmt":"2021-07-06T17:26:05","guid":{"rendered":"https:\/\/staging.fitnessstudio-oberwallis.ch\/time-stop\/"},"modified":"2025-05-13T19:55:27","modified_gmt":"2025-05-13T17:55:27","slug":"time-stop","status":"publish","type":"page","link":"https:\/\/fitnessstudio-oberwallis.ch\/fr\/time-stop\/","title":{"rendered":"Time Stop"},"content":{"rendered":"\t\t<div data-elementor-type=\"wp-page\" data-elementor-id=\"219070\" class=\"elementor elementor-219070 elementor-208704\" data-elementor-post-type=\"page\">\n\t\t\t\t<div class=\"elementor-element elementor-element-cacea18 e-flex e-con-boxed e-con e-parent\" data-id=\"cacea18\" data-element_type=\"container\" data-e-type=\"container\">\n\t\t\t\t\t<div class=\"e-con-inner\">\n\t\t\t\t<div class=\"elementor-element elementor-element-0d50afb elementor-widget elementor-widget-heading\" data-id=\"0d50afb\" data-element_type=\"widget\" data-e-type=\"widget\" data-widget_type=\"heading.default\">\n\t\t\t\t<div class=\"elementor-widget-container\">\n\t\t\t\t\t<h4 class=\"elementor-heading-title elementor-size-default\">Mettre en pause ton FlatABO<\/h4>\t\t\t\t<\/div>\n\t\t\t\t<\/div>\n\t\t\t\t<div class=\"elementor-element elementor-element-e19791e elementor-widget elementor-widget-text-editor\" data-id=\"e19791e\" data-element_type=\"widget\" data-e-type=\"widget\" data-widget_type=\"text-editor.default\">\n\t\t\t\t<div class=\"elementor-widget-container\">\n\t\t\t\t\t\t\t\t\t<p><strong>Mettre en pause ton FlatABO &#8211; ton temps de pause flexible chez SAMS GYM<\/strong><\/p><p>La vie n&rsquo;est pas toujours planifiable et parfois, tu as simplement besoin d&rsquo;une pause dans ton entra\u00eenement. Avec notre Time Stop flexible, tu peux interrompre ton abonnement forfaitaire chez SAMS GYM exactement quand tu en as besoin. <\/p><p><strong>Voici comment fonctionne ton Time Stop<\/strong><\/p><hr><p><strong><br>Pause avec une bonne raison (Time Stop justifi\u00e9)<\/strong><\/p><p>Si des \u00e9v\u00e9nements importants impr\u00e9vus se produisent, tu peux mettre ton abonnement en pause gratuitement.<\/p><ul><li><strong>Les raisons possibles sont par exemple<\/strong><ul><li>Maladie ou accident de longue dur\u00e9e <em>(certificat m\u00e9dical requis)<\/em><\/li><li>Service militaire ou protection civile <em>(preuve requise, par exemple ordre de marche)<\/em><\/li><li>S\u00e9jour \u00e0 l&rsquo;\u00e9tranger de plus de 4 semaines pour des raisons professionnelles <em>(justificatif de l&#8217;employeur requis)<\/em><\/li><li>Si nous devons fermer nos studios pendant plus de 4 semaines pour des raisons op\u00e9rationnelles.<\/li><\/ul><\/li><li><strong>Dur\u00e9e d&rsquo;une seule pause :<\/strong> de 1 mois minimum \u00e0 9 mois maximum.<\/li><li><strong>Dur\u00e9e totale de toutes les pauses justifi\u00e9es :<\/strong> sur une p\u00e9riode de 12 mois cons\u00e9cutifs, la dur\u00e9e totale de tes pauses justifi\u00e9es ne doit pas d\u00e9passer 9 mois. Tu peux aussi demander plusieurs pauses justifi\u00e9es, tant que tu peux toujours prouver une nouvelle raison importante et que tu ne d\u00e9passes pas cette limite totale. <\/li><li><strong>Co\u00fbt :<\/strong> gratuit pour toi (un justificatif reconnu est n\u00e9cessaire).<br><br><\/li><\/ul><hr><p><strong><br>Ta pause flexible sans raison (Time Stop non justifi\u00e9)<\/strong><\/p><p>Tu as simplement besoin de faire une pause dans ton entra\u00eenement sans raison particuli\u00e8re ? Pas de probl\u00e8me ! <\/p><ul><li><strong>Dur\u00e9e d&rsquo;une seule pause :<\/strong> de 1 mois minimum \u00e0 3 mois maximum.<\/li><li><strong>Dur\u00e9e totale de toutes les pauses sans raison :<\/strong> sur une p\u00e9riode de 12 mois cons\u00e9cutifs, la dur\u00e9e totale de tes pauses sans raison ne doit pas d\u00e9passer 3 mois. L\u00e0 aussi, tu peux demander une pause plusieurs fois jusqu&rsquo;\u00e0 ce que ton \u00ab\u00a0compte de pauses\u00a0\u00bb de trois mois soit \u00e9puis\u00e9 pour cette p\u00e9riode de 12 mois. <\/li><li><strong>Co\u00fbt :<\/strong> cette pause co\u00fbte une petite somme qui est calcul\u00e9e au jour pr\u00e8s : Pour chaque pause de 30 jours, tu dois payer 10 CHF.<ul><li><em>Exemple :<\/em> une pause de 45 jours te co\u00fbte 15 CHF (calcul : 45 jours \/ 30 jours * 10 CHF).<\/li><li>Les frais seront pr\u00e9lev\u00e9s \u00e0 l&rsquo;avance sur ta carte de cr\u00e9dit d\u00e9pos\u00e9e.<br><br><\/li><\/ul><\/li><\/ul><hr><p><strong><br>Informations importantes sur chaque Time Stop<\/strong><\/p><ul><li><strong>Faire une demande :<\/strong> Tu dois toujours demander ton Time Stop via notre formulaire \u00e9lectronique. Indique exactement de quand \u00e0 quand ta pause doit durer. <\/li><li><strong>Approbation et lancement :<\/strong> ton Time Stop ne sera actif qu&rsquo;une fois que nous aurons v\u00e9rifi\u00e9 et approuv\u00e9 ta demande. Ta date de d\u00e9but souhait\u00e9e peut \u00eatre jusqu&rsquo;\u00e0 7 jours avant la date de ta demande (approbation r\u00e9troactive). <\/li><li><strong>Dur\u00e9e flexible :<\/strong> tu peux choisir la dur\u00e9e de ta pause (dans les limites mentionn\u00e9es ci-dessus) de mani\u00e8re flexible, m\u00eame au jour pr\u00e8s (par exemple 43 jours).<\/li><li><strong>Pas de combinaison :<\/strong> une pause avec une bonne raison et une pause sans raison ne peuvent pas \u00eatre demand\u00e9es en m\u00eame temps ou pour la m\u00eame p\u00e9riode.<\/li><li><strong>Pas d&rsquo;entra\u00eenement pendant la pause :<\/strong> pendant que ton abonnement est en pause, ta cl\u00e9 d&rsquo;acc\u00e8s \u00e0 nos studios est d\u00e9sactiv\u00e9e. Ton obligation de paiement mensuel est \u00e9galement suspendue pendant cette p\u00e9riode. <\/li><li><strong>Effet sur la dur\u00e9e minimale :<\/strong> tu es encore dans ta p\u00e9riode minimale de contrat ? Dans ce cas, la date de fin de cette dur\u00e9e minimale est prolong\u00e9e exactement de la dur\u00e9e de ton Time Stop. <br><br><\/li><\/ul><hr><p><strong><br>Tu as encore des questions ?<\/strong> Tu trouveras tous les d\u00e9tails exacts et les r\u00e8gles juridiquement contraignantes dans nos <a href=\"https:\/\/fitnessstudio-oberwallis.ch\/fr\/agb\/\">CGV (point 7)<\/a>.<\/p><p>Si tu as des questions, notre \u00e9quipe se fera un plaisir de t&rsquo;aider !<\/p>\t\t\t\t\t\t\t\t<\/div>\n\t\t\t\t<\/div>\n\t\t\t\t<div class=\"elementor-element elementor-element-8d6d2ac elementor-align-center elementor-widget elementor-widget-button\" data-id=\"8d6d2ac\" data-element_type=\"widget\" data-e-type=\"widget\" data-widget_type=\"button.default\">\n\t\t\t\t<div class=\"elementor-widget-container\">\n\t\t\t\t\t\t\t\t\t<div class=\"elementor-button-wrapper\">\n\t\t\t\t\t<a class=\"elementor-button elementor-button-link elementor-size-md\" href=\"https:\/\/zfrmz.eu\/gArdOtV0kIO3IUtPL7x3\" target=\"_blank\" rel=\"noopener\">\n\t\t\t\t\t\t<span class=\"elementor-button-content-wrapper\">\n\t\t\t\t\t\t\t\t\t<span class=\"elementor-button-text\">Demander un Time Stop<\/span>\n\t\t\t\t\t<\/span>\n\t\t\t\t\t<\/a>\n\t\t\t\t<\/div>\n\t\t\t\t\t\t\t\t<\/div>\n\t\t\t\t<\/div>\n\t\t\t\t\t<\/div>\n\t\t\t\t<\/div>\n\t\t\t\t<\/div>\n\t\t","protected":false},"excerpt":{"rendered":"<p>Mettre en pause ton FlatABO Mettre en pause ton FlatABO &#8211; ton temps de pause flexible chez SAMS GYM La vie n&rsquo;est pas toujours planifiable et parfois, tu as simplement besoin d&rsquo;une pause dans ton entra\u00eenement. Avec notre Time Stop flexible, tu peux interrompre ton abonnement forfaitaire chez SAMS GYM exactement quand tu en as [&hellip;]<\/p>\n","protected":false},"author":1,"featured_media":0,"parent":0,"menu_order":0,"comment_status":"closed","ping_status":"closed","template":"","meta":{"footnotes":""},"class_list":["post-219070","page","type-page","status-publish","hentry"],"_links":{"self":[{"href":"https:\/\/fitnessstudio-oberwallis.ch\/fr\/wp-json\/wp\/v2\/pages\/219070","targetHints":{"allow":["GET"]}}],"collection":[{"href":"https:\/\/fitnessstudio-oberwallis.ch\/fr\/wp-json\/wp\/v2\/pages"}],"about":[{"href":"https:\/\/fitnessstudio-oberwallis.ch\/fr\/wp-json\/wp\/v2\/types\/page"}],"author":[{"embeddable":true,"href":"https:\/\/fitnessstudio-oberwallis.ch\/fr\/wp-json\/wp\/v2\/users\/1"}],"replies":[{"embeddable":true,"href":"https:\/\/fitnessstudio-oberwallis.ch\/fr\/wp-json\/wp\/v2\/comments?post=219070"}],"version-history":[{"count":9,"href":"https:\/\/fitnessstudio-oberwallis.ch\/fr\/wp-json\/wp\/v2\/pages\/219070\/revisions"}],"predecessor-version":[{"id":224161,"href":"https:\/\/fitnessstudio-oberwallis.ch\/fr\/wp-json\/wp\/v2\/pages\/219070\/revisions\/224161"}],"wp:attachment":[{"href":"https:\/\/fitnessstudio-oberwallis.ch\/fr\/wp-json\/wp\/v2\/media?parent=219070"}],"curies":[{"name":"wp","href":"https:\/\/api.w.org\/{rel}","templated":true}]}}