{"id":219055,"date":"2021-07-12T20:40:04","date_gmt":"2021-07-12T18:40:04","guid":{"rendered":"https:\/\/staging.fitnessstudio-oberwallis.ch\/reconnu-par-les-caisses-de-maladie\/"},"modified":"2025-10-16T11:12:45","modified_gmt":"2025-10-16T09:12:45","slug":"reconnu-par-les-caisses-de-maladie","status":"publish","type":"page","link":"https:\/\/fitnessstudio-oberwallis.ch\/fr\/reconnu-par-les-caisses-de-maladie\/","title":{"rendered":"Reconnu par les caisses de maladie"},"content":{"rendered":"\t\t<div data-elementor-type=\"wp-page\" data-elementor-id=\"219055\" class=\"elementor elementor-219055 elementor-210049\" data-elementor-post-type=\"page\">\n\t\t\t\t<div class=\"elementor-element elementor-element-28e6a48 e-flex e-con-boxed e-con e-parent\" data-id=\"28e6a48\" data-element_type=\"container\" data-e-type=\"container\">\n\t\t\t\t\t<div class=\"e-con-inner\">\n\t\t\t\t<div class=\"elementor-element elementor-element-243c0c9 elementor-widget elementor-widget-heading\" data-id=\"243c0c9\" data-element_type=\"widget\" data-e-type=\"widget\" data-widget_type=\"heading.default\">\n\t\t\t\t<div class=\"elementor-widget-container\">\n\t\t\t\t\t<h2 class=\"elementor-heading-title elementor-size-default\">Tous les sites SAMS GYM sont certifi\u00e9s QualiCert !<\/h2>\t\t\t\t<\/div>\n\t\t\t\t<\/div>\n\t\t\t\t<div class=\"elementor-element elementor-element-a60f058 elementor-widget elementor-widget-text-editor\" data-id=\"a60f058\" data-element_type=\"widget\" data-e-type=\"widget\" data-widget_type=\"text-editor.default\">\n\t\t\t\t<div class=\"elementor-widget-container\">\n\t\t\t\t\t\t\t\t\t<p>Cela signifie que la plupart des caisses d&rsquo;assurance maladie participent \u00e0 ton abonnement de fitness.<\/p>\n\t\t\t\t\t\t\t\t<\/div>\n\t\t\t\t<\/div>\n\t\t\t\t<div class=\"elementor-element elementor-element-c906c49 elementor-widget elementor-widget-image\" data-id=\"c906c49\" data-element_type=\"widget\" data-e-type=\"widget\" data-widget_type=\"image.default\">\n\t\t\t\t<div class=\"elementor-widget-container\">\n\t\t\t\t\t\t\t\t\t\t\t\t\t\t\t\t<a href=\"https:\/\/www.qualicert.ch\/fr\/krankenkassen-anerkennung\" target=\"_blank\" rel=\"noopener\">\n\t\t\t\t\t\t\t<img decoding=\"async\" width=\"800\" height=\"648\" src=\"https:\/\/fitnessstudio-oberwallis.ch\/wp-content\/uploads\/2024\/05\/Qualicert_Siegel_DE_RGB-1024x830.jpg\" class=\"attachment-large size-large wp-image-218974\" alt=\"\" srcset=\"https:\/\/fitnessstudio-oberwallis.ch\/wp-content\/uploads\/2024\/05\/Qualicert_Siegel_DE_RGB-1024x830.jpg 1024w, https:\/\/fitnessstudio-oberwallis.ch\/wp-content\/uploads\/2024\/05\/Qualicert_Siegel_DE_RGB-300x243.jpg 300w, https:\/\/fitnessstudio-oberwallis.ch\/wp-content\/uploads\/2024\/05\/Qualicert_Siegel_DE_RGB-768x622.jpg 768w, https:\/\/fitnessstudio-oberwallis.ch\/wp-content\/uploads\/2024\/05\/Qualicert_Siegel_DE_RGB-600x486.jpg 600w, https:\/\/fitnessstudio-oberwallis.ch\/wp-content\/uploads\/2024\/05\/Qualicert_Siegel_DE_RGB.jpg 1082w\" sizes=\"(max-width: 800px) 100vw, 800px\" \/>\t\t\t\t\t\t\t\t<\/a>\n\t\t\t\t\t\t\t\t\t\t\t\t\t\t\t<\/div>\n\t\t\t\t<\/div>\n\t\t\t\t<div class=\"elementor-element elementor-element-bbebd9b elementor-widget elementor-widget-heading\" data-id=\"bbebd9b\" data-element_type=\"widget\" data-e-type=\"widget\" data-widget_type=\"heading.default\">\n\t\t\t\t<div class=\"elementor-widget-container\">\n\t\t\t\t\t<h2 class=\"elementor-heading-title elementor-size-default\">Comment r\u00e9clamer ta contribution \u00e0 la promotion de la sant\u00e9 :<\/h2>\t\t\t\t<\/div>\n\t\t\t\t<\/div>\n\t\t\t\t<div class=\"elementor-element elementor-element-02c1afd elementor-widget elementor-widget-text-editor\" data-id=\"02c1afd\" data-element_type=\"widget\" data-e-type=\"widget\" data-widget_type=\"text-editor.default\">\n\t\t\t\t<div class=\"elementor-widget-container\">\n\t\t\t\t\t\t\t\t\t<p><strong>1. Demander une confirmation d&rsquo;abonnement<\/strong><br \/>Demande la confirmation de ton abonnement en cliquant sur le bouton ci-dessous.<\/p>\n<p><strong>2. envoyer la confirmation<\/strong><br \/>Envoie ta confirmation d&rsquo;abonnement avec la facture de ton abonnement directement \u00e0 ta caisse maladie.<\/p>\n\t\t\t\t\t\t\t\t<\/div>\n\t\t\t\t<\/div>\n\t\t\t\t<div class=\"elementor-element elementor-element-75c01b9 elementor-align-center elementor-widget elementor-widget-button\" data-id=\"75c01b9\" data-element_type=\"widget\" data-e-type=\"widget\" data-widget_type=\"button.default\">\n\t\t\t\t<div class=\"elementor-widget-container\">\n\t\t\t\t\t\t\t\t\t<div class=\"elementor-button-wrapper\">\n\t\t\t\t\t<a class=\"elementor-button elementor-button-link elementor-size-sm\" href=\"https:\/\/forms.zohopublic.eu\/samsgym\/form\/AbonnementbesttigungQualiCert201\/formperma\/oS7ka1XwK_Qt2oLoFrZV5wNJXWV4TkjSK3L1lPom_vE\" target=\"_blank\" rel=\"noopener\">\n\t\t\t\t\t\t<span class=\"elementor-button-content-wrapper\">\n\t\t\t\t\t\t\t\t\t<span class=\"elementor-button-text\">Demander une confirmation d'abonnement<\/span>\n\t\t\t\t\t<\/span>\n\t\t\t\t\t<\/a>\n\t\t\t\t<\/div>\n\t\t\t\t\t\t\t\t<\/div>\n\t\t\t\t<\/div>\n\t\t\t\t<div class=\"elementor-element elementor-element-1d59f8d elementor-widget elementor-widget-text-editor\" data-id=\"1d59f8d\" data-element_type=\"widget\" data-e-type=\"widget\" data-widget_type=\"text-editor.default\">\n\t\t\t\t<div class=\"elementor-widget-container\">\n\t\t\t\t\t\t\t\t\t<p>Pour plus d&rsquo;informations sur QualiCert et les remboursements par les caisses d&rsquo;assurance maladie, n&rsquo;h\u00e9site pas \u00e0 visiter <a href=\"https:\/\/www.qualicert.ch\/krankenkassen-anerkennung\" target=\"_new\" rel=\"noreferrer noopener\">cette page<\/a>.<\/p>\n\t\t\t\t\t\t\t\t<\/div>\n\t\t\t\t<\/div>\n\t\t\t\t\t<\/div>\n\t\t\t\t<\/div>\n\t\t\t\t<\/div>\n\t\t","protected":false},"excerpt":{"rendered":"<p>Tous les sites SAMS GYM sont certifi\u00e9s QualiCert ! Cela signifie que la plupart des caisses d&rsquo;assurance maladie participent \u00e0 ton abonnement de fitness. Comment r\u00e9clamer ta contribution \u00e0 la promotion de la sant\u00e9 : 1. Demander une confirmation d&rsquo;abonnementDemande la confirmation de ton abonnement en cliquant sur le bouton ci-dessous. 2. envoyer la confirmationEnvoie [&hellip;]<\/p>\n","protected":false},"author":1,"featured_media":0,"parent":0,"menu_order":0,"comment_status":"closed","ping_status":"closed","template":"","meta":{"footnotes":""},"class_list":["post-219055","page","type-page","status-publish","hentry"],"_links":{"self":[{"href":"https:\/\/fitnessstudio-oberwallis.ch\/fr\/wp-json\/wp\/v2\/pages\/219055","targetHints":{"allow":["GET"]}}],"collection":[{"href":"https:\/\/fitnessstudio-oberwallis.ch\/fr\/wp-json\/wp\/v2\/pages"}],"about":[{"href":"https:\/\/fitnessstudio-oberwallis.ch\/fr\/wp-json\/wp\/v2\/types\/page"}],"author":[{"embeddable":true,"href":"https:\/\/fitnessstudio-oberwallis.ch\/fr\/wp-json\/wp\/v2\/users\/1"}],"replies":[{"embeddable":true,"href":"https:\/\/fitnessstudio-oberwallis.ch\/fr\/wp-json\/wp\/v2\/comments?post=219055"}],"version-history":[{"count":14,"href":"https:\/\/fitnessstudio-oberwallis.ch\/fr\/wp-json\/wp\/v2\/pages\/219055\/revisions"}],"predecessor-version":[{"id":219949,"href":"https:\/\/fitnessstudio-oberwallis.ch\/fr\/wp-json\/wp\/v2\/pages\/219055\/revisions\/219949"}],"wp:attachment":[{"href":"https:\/\/fitnessstudio-oberwallis.ch\/fr\/wp-json\/wp\/v2\/media?parent=219055"}],"curies":[{"name":"wp","href":"https:\/\/api.w.org\/{rel}","templated":true}]}}